{"id":1142,"date":"2025-09-21T22:35:54","date_gmt":"2025-09-22T01:35:54","guid":{"rendered":"https:\/\/fernandajahjah.com.br\/loja\/?post_type=product&#038;p=1142"},"modified":"2025-10-22T23:26:18","modified_gmt":"2025-10-23T02:26:18","slug":"toalha-de-mesa-pintada-a-mao","status":"publish","type":"product","link":"https:\/\/fernandajahjah.com.br\/loja\/produto\/toalha-de-mesa-pintada-a-mao\/","title":{"rendered":"Toalha De Mesa Pintada \u00e0 M\u00e3o"},"content":{"rendered":"<h1 style=\"text-align: center\">Toalha de Mesa<\/h1>\n<h1><img fetchpriority=\"high\" decoding=\"async\" class=\"size-medium wp-image-1290 alignright\" src=\"https:\/\/fernandajahjah.com.br\/loja\/wp-content\/uploads\/2025\/06\/toalha-225x300.jpg\" alt=\"\" width=\"225\" height=\"300\" srcset=\"https:\/\/fernandajahjah.com.br\/loja\/wp-content\/uploads\/2025\/06\/toalha-225x300.jpg 225w, https:\/\/fernandajahjah.com.br\/loja\/wp-content\/uploads\/2025\/06\/toalha-768x1024.jpg 768w, https:\/\/fernandajahjah.com.br\/loja\/wp-content\/uploads\/2025\/06\/toalha-1152x1536.jpg 1152w, https:\/\/fernandajahjah.com.br\/loja\/wp-content\/uploads\/2025\/06\/toalha-1536x2048.jpg 1536w, https:\/\/fernandajahjah.com.br\/loja\/wp-content\/uploads\/2025\/06\/toalha-600x800.jpg 600w, https:\/\/fernandajahjah.com.br\/loja\/wp-content\/uploads\/2025\/06\/toalha-64x85.jpg 64w, https:\/\/fernandajahjah.com.br\/loja\/wp-content\/uploads\/2025\/06\/toalha-scaled.jpg 1920w\" sizes=\"(max-width: 225px) 100vw, 225px\" \/><\/h1>\n<p>Toalha de mesa\u00a0 pintada \u00e0 m\u00e3o.<\/p>\n<p>Feita com tecido 100% algod\u00e3o .Na cor off white com estampa xadrez colorida.Toalha super vers\u00e1til para compor a mesa em diversas ocasi\u00f5es.<\/p>\n<p>Medida: 1,40 x 1,40 cm<\/p>\n<p>Informa\u00e7\u00f5es:<\/p>\n<ol>\n<li>Produto pr\u00e9 lavado<\/li>\n<li>Pode lavar em m\u00e1quina<\/li>\n<li>N\u00e3o usar secadora<\/li>\n<li>Passar do avesso<\/li>\n<li>Pintura com tinta espec\u00edfica para tecido<\/li>\n<\/ol>\n","protected":false},"excerpt":{"rendered":"<h1 style=\"text-align: center\"><\/h1>\n<p><img decoding=\"async\" class=\"size-medium wp-image-1290 aligncenter\" src=\"https:\/\/fernandajahjah.com.br\/loja\/wp-content\/uploads\/2025\/06\/toalha-225x300.jpg\" alt=\"\" width=\"225\" height=\"300\" srcset=\"https:\/\/fernandajahjah.com.br\/loja\/wp-content\/uploads\/2025\/06\/toalha-225x300.jpg 225w, https:\/\/fernandajahjah.com.br\/loja\/wp-content\/uploads\/2025\/06\/toalha-768x1024.jpg 768w, https:\/\/fernandajahjah.com.br\/loja\/wp-content\/uploads\/2025\/06\/toalha-1152x1536.jpg 1152w, https:\/\/fernandajahjah.com.br\/loja\/wp-content\/uploads\/2025\/06\/toalha-1536x2048.jpg 1536w, https:\/\/fernandajahjah.com.br\/loja\/wp-content\/uploads\/2025\/06\/toalha-600x800.jpg 600w, https:\/\/fernandajahjah.com.br\/loja\/wp-content\/uploads\/2025\/06\/toalha-64x85.jpg 64w, https:\/\/fernandajahjah.com.br\/loja\/wp-content\/uploads\/2025\/06\/toalha-scaled.jpg 1920w\" sizes=\"(max-width: 225px) 100vw, 225px\" \/><\/p>\n<p>Toalha de mesa\u00a0 pintada \u00e0 m\u00e3o xadrez.<\/p>\n<p>Feita em tecido 100%algod\u00e3o.<\/p>\n","protected":false},"featured_media":1290,"comment_status":"closed","ping_status":"closed","template":"","meta":[],"product_brand":[],"product_cat":[91],"product_tag":[101,103,102,100],"class_list":{"0":"post-1142","1":"product","2":"type-product","3":"status-publish","4":"has-post-thumbnail","6":"product_cat-ta-na-mesa","7":"product_tag-algodao","8":"product_tag-pintura-feito-a-mao","9":"product_tag-toalha-de-mesa","10":"product_tag-xadrez","11":"pa_padronagem-azul","12":"pa_padronagem-xadrez-laranja","13":"pa_padronagem-rosa-e-amarelo","15":"first","16":"instock","17":"shipping-taxable","18":"purchasable","19":"product-type-variable"},"_links":{"self":[{"href":"https:\/\/fernandajahjah.com.br\/loja\/wp-json\/wp\/v2\/product\/1142","targetHints":{"allow":["GET"]}}],"collection":[{"href":"https:\/\/fernandajahjah.com.br\/loja\/wp-json\/wp\/v2\/product"}],"about":[{"href":"https:\/\/fernandajahjah.com.br\/loja\/wp-json\/wp\/v2\/types\/product"}],"replies":[{"embeddable":true,"href":"https:\/\/fernandajahjah.com.br\/loja\/wp-json\/wp\/v2\/comments?post=1142"}],"wp:featuredmedia":[{"embeddable":true,"href":"https:\/\/fernandajahjah.com.br\/loja\/wp-json\/wp\/v2\/media\/1290"}],"wp:attachment":[{"href":"https:\/\/fernandajahjah.com.br\/loja\/wp-json\/wp\/v2\/media?parent=1142"}],"wp:term":[{"taxonomy":"product_brand","embeddable":true,"href":"https:\/\/fernandajahjah.com.br\/loja\/wp-json\/wp\/v2\/product_brand?post=1142"},{"taxonomy":"product_cat","embeddable":true,"href":"https:\/\/fernandajahjah.com.br\/loja\/wp-json\/wp\/v2\/product_cat?post=1142"},{"taxonomy":"product_tag","embeddable":true,"href":"https:\/\/fernandajahjah.com.br\/loja\/wp-json\/wp\/v2\/product_tag?post=1142"}],"curies":[{"name":"wp","href":"https:\/\/api.w.org\/{rel}","templated":true}]}}