{"id":1168,"date":"2025-07-03T22:54:18","date_gmt":"2025-07-04T01:54:18","guid":{"rendered":"https:\/\/fernandajahjah.com.br\/loja\/?post_type=product&#038;p=1168"},"modified":"2025-10-23T00:27:16","modified_gmt":"2025-10-23T03:27:16","slug":"topo-de-bolo-jardim","status":"publish","type":"product","link":"https:\/\/fernandajahjah.com.br\/loja\/produto\/topo-de-bolo-jardim\/","title":{"rendered":"Topo de Bolo Jardim"},"content":{"rendered":"<p><img fetchpriority=\"high\" decoding=\"async\" class=\"size-medium wp-image-1364 alignright\" src=\"https:\/\/fernandajahjah.com.br\/loja\/wp-content\/uploads\/2025\/06\/Topo-de-Bolo-Jardim-Copia-2-225x300.jpg\" alt=\"\" width=\"225\" height=\"300\" srcset=\"https:\/\/fernandajahjah.com.br\/loja\/wp-content\/uploads\/2025\/06\/Topo-de-Bolo-Jardim-Copia-2-225x300.jpg 225w, https:\/\/fernandajahjah.com.br\/loja\/wp-content\/uploads\/2025\/06\/Topo-de-Bolo-Jardim-Copia-2-768x1024.jpg 768w, https:\/\/fernandajahjah.com.br\/loja\/wp-content\/uploads\/2025\/06\/Topo-de-Bolo-Jardim-Copia-2-1152x1536.jpg 1152w, https:\/\/fernandajahjah.com.br\/loja\/wp-content\/uploads\/2025\/06\/Topo-de-Bolo-Jardim-Copia-2-1536x2048.jpg 1536w, https:\/\/fernandajahjah.com.br\/loja\/wp-content\/uploads\/2025\/06\/Topo-de-Bolo-Jardim-Copia-2-600x800.jpg 600w, https:\/\/fernandajahjah.com.br\/loja\/wp-content\/uploads\/2025\/06\/Topo-de-Bolo-Jardim-Copia-2-64x85.jpg 64w, https:\/\/fernandajahjah.com.br\/loja\/wp-content\/uploads\/2025\/06\/Topo-de-Bolo-Jardim-Copia-2-scaled.jpg 1920w\" sizes=\"(max-width: 225px) 100vw, 225px\" \/><\/p>\n<p>Topo de bolo feito em tecido e pintado \u00e0 m\u00e3o com ilustra\u00e7\u00f5es de borboletas e flores . Detalhes em papelaria com a palavra Florescer . Os palitos s\u00e3o feitos 100% em madeira recicl\u00e1vel.<\/p>\n<p>Um lindo item para enfeitar o bolo ou docinhos e combina com diversos temas como : Jardim, Casa na \u00c1rvore, Floresta, Flores etc.<\/p>\n<p>&nbsp;<\/p>\n","protected":false},"excerpt":{"rendered":"<p><img decoding=\"async\" class=\"size-medium wp-image-1362 aligncenter\" src=\"https:\/\/fernandajahjah.com.br\/loja\/wp-content\/uploads\/2025\/06\/Topo-de-Bolo-Jardim-2-Copia-Copia-225x300.jpg\" alt=\"\" width=\"225\" height=\"300\" srcset=\"https:\/\/fernandajahjah.com.br\/loja\/wp-content\/uploads\/2025\/06\/Topo-de-Bolo-Jardim-2-Copia-Copia-225x300.jpg 225w, https:\/\/fernandajahjah.com.br\/loja\/wp-content\/uploads\/2025\/06\/Topo-de-Bolo-Jardim-2-Copia-Copia-768x1024.jpg 768w, https:\/\/fernandajahjah.com.br\/loja\/wp-content\/uploads\/2025\/06\/Topo-de-Bolo-Jardim-2-Copia-Copia-1152x1536.jpg 1152w, https:\/\/fernandajahjah.com.br\/loja\/wp-content\/uploads\/2025\/06\/Topo-de-Bolo-Jardim-2-Copia-Copia-1536x2048.jpg 1536w, https:\/\/fernandajahjah.com.br\/loja\/wp-content\/uploads\/2025\/06\/Topo-de-Bolo-Jardim-2-Copia-Copia-600x800.jpg 600w, https:\/\/fernandajahjah.com.br\/loja\/wp-content\/uploads\/2025\/06\/Topo-de-Bolo-Jardim-2-Copia-Copia-64x85.jpg 64w, https:\/\/fernandajahjah.com.br\/loja\/wp-content\/uploads\/2025\/06\/Topo-de-Bolo-Jardim-2-Copia-Copia-scaled.jpg 1920w\" sizes=\"(max-width: 225px) 100vw, 225px\" \/>Topo de bolo feito em tecido e pintado \u00e0 m\u00e3o com ilustra\u00e7\u00f5es de borboletas e flores . Detalhes em papelaria com a palavra Florescer . Os palitos s\u00e3o feitos 100% em madeira recicl\u00e1vel.<\/p>\n","protected":false},"featured_media":1364,"comment_status":"closed","ping_status":"closed","template":"","meta":[],"product_brand":[],"product_cat":[93],"product_tag":[46,41,66,67],"class_list":{"0":"post-1168","1":"product","2":"type-product","3":"status-publish","4":"has-post-thumbnail","6":"product_cat-detalhes","7":"product_tag-enfeites","8":"product_tag-papelaria","9":"product_tag-topodebolo","10":"product_tag-toppers","12":"first","13":"instock","14":"shipping-taxable","15":"purchasable","16":"product-type-simple"},"_links":{"self":[{"href":"https:\/\/fernandajahjah.com.br\/loja\/wp-json\/wp\/v2\/product\/1168","targetHints":{"allow":["GET"]}}],"collection":[{"href":"https:\/\/fernandajahjah.com.br\/loja\/wp-json\/wp\/v2\/product"}],"about":[{"href":"https:\/\/fernandajahjah.com.br\/loja\/wp-json\/wp\/v2\/types\/product"}],"replies":[{"embeddable":true,"href":"https:\/\/fernandajahjah.com.br\/loja\/wp-json\/wp\/v2\/comments?post=1168"}],"wp:featuredmedia":[{"embeddable":true,"href":"https:\/\/fernandajahjah.com.br\/loja\/wp-json\/wp\/v2\/media\/1364"}],"wp:attachment":[{"href":"https:\/\/fernandajahjah.com.br\/loja\/wp-json\/wp\/v2\/media?parent=1168"}],"wp:term":[{"taxonomy":"product_brand","embeddable":true,"href":"https:\/\/fernandajahjah.com.br\/loja\/wp-json\/wp\/v2\/product_brand?post=1168"},{"taxonomy":"product_cat","embeddable":true,"href":"https:\/\/fernandajahjah.com.br\/loja\/wp-json\/wp\/v2\/product_cat?post=1168"},{"taxonomy":"product_tag","embeddable":true,"href":"https:\/\/fernandajahjah.com.br\/loja\/wp-json\/wp\/v2\/product_tag?post=1168"}],"curies":[{"name":"wp","href":"https:\/\/api.w.org\/{rel}","templated":true}]}}