{"id":1169,"date":"2025-07-03T22:40:13","date_gmt":"2025-07-04T01:40:13","guid":{"rendered":"https:\/\/fernandajahjah.com.br\/loja\/?post_type=product&#038;p=1169"},"modified":"2025-10-23T00:37:44","modified_gmt":"2025-10-23T03:37:44","slug":"topper-passarinho","status":"publish","type":"product","link":"https:\/\/fernandajahjah.com.br\/loja\/produto\/topper-passarinho\/","title":{"rendered":"Topper Passarinho"},"content":{"rendered":"<p><img fetchpriority=\"high\" decoding=\"async\" class=\"size-medium wp-image-1368 alignright\" src=\"https:\/\/fernandajahjah.com.br\/loja\/wp-content\/uploads\/2025\/06\/Topo-de-Doce-Passaro-Copia-1-225x300.jpg\" alt=\"\" width=\"225\" height=\"300\" srcset=\"https:\/\/fernandajahjah.com.br\/loja\/wp-content\/uploads\/2025\/06\/Topo-de-Doce-Passaro-Copia-1-225x300.jpg 225w, https:\/\/fernandajahjah.com.br\/loja\/wp-content\/uploads\/2025\/06\/Topo-de-Doce-Passaro-Copia-1-768x1024.jpg 768w, https:\/\/fernandajahjah.com.br\/loja\/wp-content\/uploads\/2025\/06\/Topo-de-Doce-Passaro-Copia-1-1152x1536.jpg 1152w, https:\/\/fernandajahjah.com.br\/loja\/wp-content\/uploads\/2025\/06\/Topo-de-Doce-Passaro-Copia-1-1536x2048.jpg 1536w, https:\/\/fernandajahjah.com.br\/loja\/wp-content\/uploads\/2025\/06\/Topo-de-Doce-Passaro-Copia-1-600x800.jpg 600w, https:\/\/fernandajahjah.com.br\/loja\/wp-content\/uploads\/2025\/06\/Topo-de-Doce-Passaro-Copia-1-64x85.jpg 64w, https:\/\/fernandajahjah.com.br\/loja\/wp-content\/uploads\/2025\/06\/Topo-de-Doce-Passaro-Copia-1-scaled.jpg 1920w\" sizes=\"(max-width: 225px) 100vw, 225px\" \/><\/p>\n<p>Topper para enfeitar doces , cupcakes ou bolo. Um item super fofo para decorar a mesa.Feito em tecido estampado com a forma de passarinho. Pode ser usado em diversos temas e depois a crian\u00e7a pode brincar com ele \u00e0 vontade pois a estrutura \u00e9 feita com canudo de papel.<\/p>\n","protected":false},"excerpt":{"rendered":"<p><img decoding=\"async\" class=\"size-medium wp-image-1368 aligncenter\" src=\"https:\/\/fernandajahjah.com.br\/loja\/wp-content\/uploads\/2025\/06\/Topo-de-Doce-Passaro-Copia-1-225x300.jpg\" alt=\"\" width=\"225\" height=\"300\" srcset=\"https:\/\/fernandajahjah.com.br\/loja\/wp-content\/uploads\/2025\/06\/Topo-de-Doce-Passaro-Copia-1-225x300.jpg 225w, https:\/\/fernandajahjah.com.br\/loja\/wp-content\/uploads\/2025\/06\/Topo-de-Doce-Passaro-Copia-1-768x1024.jpg 768w, https:\/\/fernandajahjah.com.br\/loja\/wp-content\/uploads\/2025\/06\/Topo-de-Doce-Passaro-Copia-1-1152x1536.jpg 1152w, https:\/\/fernandajahjah.com.br\/loja\/wp-content\/uploads\/2025\/06\/Topo-de-Doce-Passaro-Copia-1-1536x2048.jpg 1536w, https:\/\/fernandajahjah.com.br\/loja\/wp-content\/uploads\/2025\/06\/Topo-de-Doce-Passaro-Copia-1-600x800.jpg 600w, https:\/\/fernandajahjah.com.br\/loja\/wp-content\/uploads\/2025\/06\/Topo-de-Doce-Passaro-Copia-1-64x85.jpg 64w, https:\/\/fernandajahjah.com.br\/loja\/wp-content\/uploads\/2025\/06\/Topo-de-Doce-Passaro-Copia-1-scaled.jpg 1920w\" sizes=\"(max-width: 225px) 100vw, 225px\" \/><\/p>\n<p>Topper de passarinho feito em tecido e canudo de papel. Perfeito para decorar doces ou bolo.<\/p>\n","protected":false},"featured_media":1369,"comment_status":"closed","ping_status":"closed","template":"","meta":[],"product_brand":[],"product_cat":[93],"product_tag":[46,68,44,51,67],"class_list":{"0":"post-1169","1":"product","2":"type-product","3":"status-publish","4":"has-post-thumbnail","6":"product_cat-detalhes","7":"product_tag-enfeites","8":"product_tag-passaro","9":"product_tag-topo-de-bolo","10":"product_tag-topper-de-doces","11":"product_tag-toppers","13":"first","14":"instock","15":"shipping-taxable","16":"purchasable","17":"product-type-simple"},"_links":{"self":[{"href":"https:\/\/fernandajahjah.com.br\/loja\/wp-json\/wp\/v2\/product\/1169","targetHints":{"allow":["GET"]}}],"collection":[{"href":"https:\/\/fernandajahjah.com.br\/loja\/wp-json\/wp\/v2\/product"}],"about":[{"href":"https:\/\/fernandajahjah.com.br\/loja\/wp-json\/wp\/v2\/types\/product"}],"replies":[{"embeddable":true,"href":"https:\/\/fernandajahjah.com.br\/loja\/wp-json\/wp\/v2\/comments?post=1169"}],"wp:featuredmedia":[{"embeddable":true,"href":"https:\/\/fernandajahjah.com.br\/loja\/wp-json\/wp\/v2\/media\/1369"}],"wp:attachment":[{"href":"https:\/\/fernandajahjah.com.br\/loja\/wp-json\/wp\/v2\/media?parent=1169"}],"wp:term":[{"taxonomy":"product_brand","embeddable":true,"href":"https:\/\/fernandajahjah.com.br\/loja\/wp-json\/wp\/v2\/product_brand?post=1169"},{"taxonomy":"product_cat","embeddable":true,"href":"https:\/\/fernandajahjah.com.br\/loja\/wp-json\/wp\/v2\/product_cat?post=1169"},{"taxonomy":"product_tag","embeddable":true,"href":"https:\/\/fernandajahjah.com.br\/loja\/wp-json\/wp\/v2\/product_tag?post=1169"}],"curies":[{"name":"wp","href":"https:\/\/api.w.org\/{rel}","templated":true}]}}