{"id":1174,"date":"2025-07-03T22:33:49","date_gmt":"2025-07-04T01:33:49","guid":{"rendered":"https:\/\/fernandajahjah.com.br\/loja\/?post_type=product&#038;p=1174"},"modified":"2025-10-23T01:05:05","modified_gmt":"2025-10-23T04:05:05","slug":"bandeirola-com-nome","status":"publish","type":"product","link":"https:\/\/fernandajahjah.com.br\/loja\/produto\/bandeirola-com-nome\/","title":{"rendered":"Bandeirola Com Nome"},"content":{"rendered":"<p><img fetchpriority=\"high\" decoding=\"async\" class=\"size-medium wp-image-1458 alignright\" src=\"https:\/\/fernandajahjah.com.br\/loja\/wp-content\/uploads\/2025\/07\/bandeirola-com-nome-lojinha.jpg-4-225x300.jpg\" alt=\"\" width=\"225\" height=\"300\" srcset=\"https:\/\/fernandajahjah.com.br\/loja\/wp-content\/uploads\/2025\/07\/bandeirola-com-nome-lojinha.jpg-4-225x300.jpg 225w, https:\/\/fernandajahjah.com.br\/loja\/wp-content\/uploads\/2025\/07\/bandeirola-com-nome-lojinha.jpg-4-768x1024.jpg 768w, https:\/\/fernandajahjah.com.br\/loja\/wp-content\/uploads\/2025\/07\/bandeirola-com-nome-lojinha.jpg-4-1152x1536.jpg 1152w, https:\/\/fernandajahjah.com.br\/loja\/wp-content\/uploads\/2025\/07\/bandeirola-com-nome-lojinha.jpg-4-1536x2048.jpg 1536w, https:\/\/fernandajahjah.com.br\/loja\/wp-content\/uploads\/2025\/07\/bandeirola-com-nome-lojinha.jpg-4-600x800.jpg 600w, https:\/\/fernandajahjah.com.br\/loja\/wp-content\/uploads\/2025\/07\/bandeirola-com-nome-lojinha.jpg-4-64x85.jpg 64w, https:\/\/fernandajahjah.com.br\/loja\/wp-content\/uploads\/2025\/07\/bandeirola-com-nome-lojinha.jpg-4-scaled.jpg 1920w\" sizes=\"(max-width: 225px) 100vw, 225px\" \/><\/p>\n<p>Bandeirola em tecido cru 100% algod\u00e3o com nome pintado \u00e0 m\u00e3o. Na barra de cada bandeirinha,\u00a0 penduricalhos coloridos feito em l\u00e3. Esse item \u00e9 personalizado com o nome\u00a0 e serve para decorar a festa e depois o quartinho da crian\u00e7a. Um produto super exclusivo e atemporal.<\/p>\n<p>Esse valor \u00e9 para at\u00e9 5 letras. Para cada letra adicional, acrescer R$35,00\/letra. Pedimos a gentileza de enviar o nome corretamente para produzirmos a bandeirola. Levaremos at\u00e9 5 dias para finalizar a pintura e secagem completa da pe\u00e7a.<\/p>\n","protected":false},"excerpt":{"rendered":"<p><img decoding=\"async\" class=\"size-medium wp-image-1379 aligncenter\" src=\"https:\/\/fernandajahjah.com.br\/loja\/wp-content\/uploads\/2025\/06\/bandeirola-com-nome-lojinha.jpg-4-225x300.jpg\" alt=\"\" width=\"225\" height=\"300\" srcset=\"https:\/\/fernandajahjah.com.br\/loja\/wp-content\/uploads\/2025\/06\/bandeirola-com-nome-lojinha.jpg-4-225x300.jpg 225w, https:\/\/fernandajahjah.com.br\/loja\/wp-content\/uploads\/2025\/06\/bandeirola-com-nome-lojinha.jpg-4-768x1024.jpg 768w, https:\/\/fernandajahjah.com.br\/loja\/wp-content\/uploads\/2025\/06\/bandeirola-com-nome-lojinha.jpg-4-1152x1536.jpg 1152w, https:\/\/fernandajahjah.com.br\/loja\/wp-content\/uploads\/2025\/06\/bandeirola-com-nome-lojinha.jpg-4-1536x2048.jpg 1536w, https:\/\/fernandajahjah.com.br\/loja\/wp-content\/uploads\/2025\/06\/bandeirola-com-nome-lojinha.jpg-4-600x800.jpg 600w, https:\/\/fernandajahjah.com.br\/loja\/wp-content\/uploads\/2025\/06\/bandeirola-com-nome-lojinha.jpg-4-64x85.jpg 64w, https:\/\/fernandajahjah.com.br\/loja\/wp-content\/uploads\/2025\/06\/bandeirola-com-nome-lojinha.jpg-4-scaled.jpg 1920w\" sizes=\"(max-width: 225px) 100vw, 225px\" \/>Bandeirola para decorar a festa e o quarto da crian\u00e7a. Feita em tecido 100% algod\u00e3o com letras pintadas \u00e0 m\u00e3o.Na base de cada bandeirinha uma franja feita em l\u00e3 colorida.<\/p>\n","protected":false},"featured_media":1379,"comment_status":"closed","ping_status":"closed","template":"","meta":[],"product_brand":[],"product_cat":[93],"product_tag":[106,46,105],"class_list":{"0":"post-1174","1":"product","2":"type-product","3":"status-publish","4":"has-post-thumbnail","6":"product_cat-detalhes","7":"product_tag-decoracao-de-quarto","8":"product_tag-enfeites","9":"product_tag-quarto-de-bebe","11":"first","12":"instock","13":"shipping-taxable","14":"purchasable","15":"product-type-simple"},"_links":{"self":[{"href":"https:\/\/fernandajahjah.com.br\/loja\/wp-json\/wp\/v2\/product\/1174","targetHints":{"allow":["GET"]}}],"collection":[{"href":"https:\/\/fernandajahjah.com.br\/loja\/wp-json\/wp\/v2\/product"}],"about":[{"href":"https:\/\/fernandajahjah.com.br\/loja\/wp-json\/wp\/v2\/types\/product"}],"replies":[{"embeddable":true,"href":"https:\/\/fernandajahjah.com.br\/loja\/wp-json\/wp\/v2\/comments?post=1174"}],"wp:featuredmedia":[{"embeddable":true,"href":"https:\/\/fernandajahjah.com.br\/loja\/wp-json\/wp\/v2\/media\/1379"}],"wp:attachment":[{"href":"https:\/\/fernandajahjah.com.br\/loja\/wp-json\/wp\/v2\/media?parent=1174"}],"wp:term":[{"taxonomy":"product_brand","embeddable":true,"href":"https:\/\/fernandajahjah.com.br\/loja\/wp-json\/wp\/v2\/product_brand?post=1174"},{"taxonomy":"product_cat","embeddable":true,"href":"https:\/\/fernandajahjah.com.br\/loja\/wp-json\/wp\/v2\/product_cat?post=1174"},{"taxonomy":"product_tag","embeddable":true,"href":"https:\/\/fernandajahjah.com.br\/loja\/wp-json\/wp\/v2\/product_tag?post=1174"}],"curies":[{"name":"wp","href":"https:\/\/api.w.org\/{rel}","templated":true}]}}