{"id":1175,"date":"2025-07-02T23:04:18","date_gmt":"2025-07-03T02:04:18","guid":{"rendered":"https:\/\/fernandajahjah.com.br\/loja\/?post_type=product&#038;p=1175"},"modified":"2025-10-23T01:27:47","modified_gmt":"2025-10-23T04:27:47","slug":"chapeu-de-festa","status":"publish","type":"product","link":"https:\/\/fernandajahjah.com.br\/loja\/produto\/chapeu-de-festa\/","title":{"rendered":"Chap\u00e9u de Festa"},"content":{"rendered":"<p>Chap\u00e9u de Festa feito em tecido recicl\u00e1vel todo customizado com pompom, arremate em renda e gravura de coelhinho.<\/p>\n<p>Uma pe\u00e7a super exclusiva e delicada para decorar a mesa do parab\u00e9ns. <img fetchpriority=\"high\" decoding=\"async\" class=\"size-medium wp-image-1497 alignright\" src=\"https:\/\/fernandajahjah.com.br\/loja\/wp-content\/uploads\/2025\/10\/detalhes-225x300.jpg\" alt=\"\" width=\"225\" height=\"300\" srcset=\"https:\/\/fernandajahjah.com.br\/loja\/wp-content\/uploads\/2025\/10\/detalhes-225x300.jpg 225w, https:\/\/fernandajahjah.com.br\/loja\/wp-content\/uploads\/2025\/10\/detalhes-768x1024.jpg 768w, https:\/\/fernandajahjah.com.br\/loja\/wp-content\/uploads\/2025\/10\/detalhes-1152x1536.jpg 1152w, https:\/\/fernandajahjah.com.br\/loja\/wp-content\/uploads\/2025\/10\/detalhes-1536x2048.jpg 1536w, https:\/\/fernandajahjah.com.br\/loja\/wp-content\/uploads\/2025\/10\/detalhes-600x800.jpg 600w, https:\/\/fernandajahjah.com.br\/loja\/wp-content\/uploads\/2025\/10\/detalhes-64x85.jpg 64w, https:\/\/fernandajahjah.com.br\/loja\/wp-content\/uploads\/2025\/10\/detalhes.jpg 1852w\" sizes=\"(max-width: 225px) 100vw, 225px\" \/><\/p>\n","protected":false},"excerpt":{"rendered":"<p><img decoding=\"async\" class=\"size-medium wp-image-1380 aligncenter\" src=\"https:\/\/fernandajahjah.com.br\/loja\/wp-content\/uploads\/2025\/06\/Chapeu-de-Festa-lojinha-225x300.jpg\" alt=\"\" width=\"225\" height=\"300\" srcset=\"https:\/\/fernandajahjah.com.br\/loja\/wp-content\/uploads\/2025\/06\/Chapeu-de-Festa-lojinha-225x300.jpg 225w, https:\/\/fernandajahjah.com.br\/loja\/wp-content\/uploads\/2025\/06\/Chapeu-de-Festa-lojinha-768x1024.jpg 768w, https:\/\/fernandajahjah.com.br\/loja\/wp-content\/uploads\/2025\/06\/Chapeu-de-Festa-lojinha-1152x1536.jpg 1152w, https:\/\/fernandajahjah.com.br\/loja\/wp-content\/uploads\/2025\/06\/Chapeu-de-Festa-lojinha-1536x2048.jpg 1536w, https:\/\/fernandajahjah.com.br\/loja\/wp-content\/uploads\/2025\/06\/Chapeu-de-Festa-lojinha-600x800.jpg 600w, https:\/\/fernandajahjah.com.br\/loja\/wp-content\/uploads\/2025\/06\/Chapeu-de-Festa-lojinha-64x85.jpg 64w, https:\/\/fernandajahjah.com.br\/loja\/wp-content\/uploads\/2025\/06\/Chapeu-de-Festa-lojinha.jpg 1852w\" sizes=\"(max-width: 225px) 100vw, 225px\" \/>Chap\u00e9u de festa feito em tecido recicl\u00e1vel com imagem de coelhinho,pompom e arremate em renda.<\/p>\n","protected":false},"featured_media":1380,"comment_status":"closed","ping_status":"closed","template":"","meta":[],"product_brand":[],"product_cat":[93],"product_tag":[46,41],"class_list":{"0":"post-1175","1":"product","2":"type-product","3":"status-publish","4":"has-post-thumbnail","6":"product_cat-detalhes","7":"product_tag-enfeites","8":"product_tag-papelaria","10":"first","11":"instock","12":"shipping-taxable","13":"purchasable","14":"product-type-simple"},"_links":{"self":[{"href":"https:\/\/fernandajahjah.com.br\/loja\/wp-json\/wp\/v2\/product\/1175","targetHints":{"allow":["GET"]}}],"collection":[{"href":"https:\/\/fernandajahjah.com.br\/loja\/wp-json\/wp\/v2\/product"}],"about":[{"href":"https:\/\/fernandajahjah.com.br\/loja\/wp-json\/wp\/v2\/types\/product"}],"replies":[{"embeddable":true,"href":"https:\/\/fernandajahjah.com.br\/loja\/wp-json\/wp\/v2\/comments?post=1175"}],"wp:featuredmedia":[{"embeddable":true,"href":"https:\/\/fernandajahjah.com.br\/loja\/wp-json\/wp\/v2\/media\/1380"}],"wp:attachment":[{"href":"https:\/\/fernandajahjah.com.br\/loja\/wp-json\/wp\/v2\/media?parent=1175"}],"wp:term":[{"taxonomy":"product_brand","embeddable":true,"href":"https:\/\/fernandajahjah.com.br\/loja\/wp-json\/wp\/v2\/product_brand?post=1175"},{"taxonomy":"product_cat","embeddable":true,"href":"https:\/\/fernandajahjah.com.br\/loja\/wp-json\/wp\/v2\/product_cat?post=1175"},{"taxonomy":"product_tag","embeddable":true,"href":"https:\/\/fernandajahjah.com.br\/loja\/wp-json\/wp\/v2\/product_tag?post=1175"}],"curies":[{"name":"wp","href":"https:\/\/api.w.org\/{rel}","templated":true}]}}