{"id":1176,"date":"2025-07-02T23:05:07","date_gmt":"2025-07-03T02:05:07","guid":{"rendered":"https:\/\/fernandajahjah.com.br\/loja\/?post_type=product&#038;p=1176"},"modified":"2025-10-23T01:21:48","modified_gmt":"2025-10-23T04:21:48","slug":"suporte-para-bolo-e-doces","status":"publish","type":"product","link":"https:\/\/fernandajahjah.com.br\/loja\/produto\/suporte-para-bolo-e-doces\/","title":{"rendered":"Boleiras"},"content":{"rendered":"<p><img fetchpriority=\"high\" decoding=\"async\" class=\"size-medium wp-image-1307 alignright\" src=\"https:\/\/fernandajahjah.com.br\/loja\/wp-content\/uploads\/2025\/06\/bolo-com-topo-e-altura-2-225x300.jpg\" alt=\"\" width=\"225\" height=\"300\" srcset=\"https:\/\/fernandajahjah.com.br\/loja\/wp-content\/uploads\/2025\/06\/bolo-com-topo-e-altura-2-225x300.jpg 225w, https:\/\/fernandajahjah.com.br\/loja\/wp-content\/uploads\/2025\/06\/bolo-com-topo-e-altura-2-768x1024.jpg 768w, https:\/\/fernandajahjah.com.br\/loja\/wp-content\/uploads\/2025\/06\/bolo-com-topo-e-altura-2-1152x1536.jpg 1152w, https:\/\/fernandajahjah.com.br\/loja\/wp-content\/uploads\/2025\/06\/bolo-com-topo-e-altura-2-1536x2048.jpg 1536w, https:\/\/fernandajahjah.com.br\/loja\/wp-content\/uploads\/2025\/06\/bolo-com-topo-e-altura-2-600x800.jpg 600w, https:\/\/fernandajahjah.com.br\/loja\/wp-content\/uploads\/2025\/06\/bolo-com-topo-e-altura-2-64x85.jpg 64w, https:\/\/fernandajahjah.com.br\/loja\/wp-content\/uploads\/2025\/06\/bolo-com-topo-e-altura-2-scaled.jpg 1920w\" sizes=\"(max-width: 225px) 100vw, 225px\" \/><\/p>\n<p style=\"text-align: left\">Suporte para bolo e docinhos feito em mdf e pintado \u00e0 m\u00e3o com listras amarelas e brancas . Uma pe\u00e7a super vers\u00e1til e charmosa para apoiar o bolo, os docinhos ou outros objetos decorativos.<\/p>\n<p>Feita em mdf com 25cm de di\u00e2metro e 5 de altura.<\/p>\n<p>Informa\u00e7\u00f5es:<\/p>\n<p>N\u00e3o pode lavar . Para limpeza,passar um pano quase seco. A pe\u00e7a est\u00e1 com uma camada de verniz para prote\u00e7\u00e3o da pintura.<\/p>\n","protected":false},"excerpt":{"rendered":"<p><img decoding=\"async\" class=\"size-medium wp-image-1307 aligncenter\" src=\"https:\/\/fernandajahjah.com.br\/loja\/wp-content\/uploads\/2025\/06\/bolo-com-topo-e-altura-2-225x300.jpg\" alt=\"\" width=\"225\" height=\"300\" srcset=\"https:\/\/fernandajahjah.com.br\/loja\/wp-content\/uploads\/2025\/06\/bolo-com-topo-e-altura-2-225x300.jpg 225w, https:\/\/fernandajahjah.com.br\/loja\/wp-content\/uploads\/2025\/06\/bolo-com-topo-e-altura-2-768x1024.jpg 768w, https:\/\/fernandajahjah.com.br\/loja\/wp-content\/uploads\/2025\/06\/bolo-com-topo-e-altura-2-1152x1536.jpg 1152w, https:\/\/fernandajahjah.com.br\/loja\/wp-content\/uploads\/2025\/06\/bolo-com-topo-e-altura-2-1536x2048.jpg 1536w, https:\/\/fernandajahjah.com.br\/loja\/wp-content\/uploads\/2025\/06\/bolo-com-topo-e-altura-2-600x800.jpg 600w, https:\/\/fernandajahjah.com.br\/loja\/wp-content\/uploads\/2025\/06\/bolo-com-topo-e-altura-2-64x85.jpg 64w, https:\/\/fernandajahjah.com.br\/loja\/wp-content\/uploads\/2025\/06\/bolo-com-topo-e-altura-2-scaled.jpg 1920w\" sizes=\"(max-width: 225px) 100vw, 225px\" \/>Suporte para apoiar Bolo,docinhos ou objetos diversos.<\/p>\n","protected":false},"featured_media":1307,"comment_status":"closed","ping_status":"closed","template":"","meta":[],"product_brand":[],"product_cat":[98],"product_tag":[47,53,54],"class_list":{"0":"post-1176","1":"product","2":"type-product","3":"status-publish","4":"has-post-thumbnail","6":"product_cat-bases","7":"product_tag-bandeja","8":"product_tag-suporte-para-bolo","9":"product_tag-suporte-para-doces","10":"pa_lilas-amarelo","11":"pa_lilas-baunilha","12":"pa_lilas-lilas","14":"first","15":"instock","16":"shipping-taxable","17":"purchasable","18":"product-type-simple"},"_links":{"self":[{"href":"https:\/\/fernandajahjah.com.br\/loja\/wp-json\/wp\/v2\/product\/1176","targetHints":{"allow":["GET"]}}],"collection":[{"href":"https:\/\/fernandajahjah.com.br\/loja\/wp-json\/wp\/v2\/product"}],"about":[{"href":"https:\/\/fernandajahjah.com.br\/loja\/wp-json\/wp\/v2\/types\/product"}],"replies":[{"embeddable":true,"href":"https:\/\/fernandajahjah.com.br\/loja\/wp-json\/wp\/v2\/comments?post=1176"}],"wp:featuredmedia":[{"embeddable":true,"href":"https:\/\/fernandajahjah.com.br\/loja\/wp-json\/wp\/v2\/media\/1307"}],"wp:attachment":[{"href":"https:\/\/fernandajahjah.com.br\/loja\/wp-json\/wp\/v2\/media?parent=1176"}],"wp:term":[{"taxonomy":"product_brand","embeddable":true,"href":"https:\/\/fernandajahjah.com.br\/loja\/wp-json\/wp\/v2\/product_brand?post=1176"},{"taxonomy":"product_cat","embeddable":true,"href":"https:\/\/fernandajahjah.com.br\/loja\/wp-json\/wp\/v2\/product_cat?post=1176"},{"taxonomy":"product_tag","embeddable":true,"href":"https:\/\/fernandajahjah.com.br\/loja\/wp-json\/wp\/v2\/product_tag?post=1176"}],"curies":[{"name":"wp","href":"https:\/\/api.w.org\/{rel}","templated":true}]}}