{"id":1207,"date":"2025-07-02T22:59:20","date_gmt":"2025-07-03T01:59:20","guid":{"rendered":"https:\/\/fernandajahjah.com.br\/loja\/?post_type=product&#038;p=1207"},"modified":"2025-10-23T10:32:31","modified_gmt":"2025-10-23T13:32:31","slug":"bandeja-quadrada-de-papel","status":"publish","type":"product","link":"https:\/\/fernandajahjah.com.br\/loja\/produto\/bandeja-quadrada-de-papel\/","title":{"rendered":"Boleira e Bandeja de Papel"},"content":{"rendered":"<p><img fetchpriority=\"high\" decoding=\"async\" class=\"size-medium wp-image-1268 alignright\" src=\"https:\/\/fernandajahjah.com.br\/loja\/wp-content\/uploads\/2025\/06\/boleira-e-bandeja4-283x300.jpg\" alt=\"\" width=\"283\" height=\"300\" srcset=\"https:\/\/fernandajahjah.com.br\/loja\/wp-content\/uploads\/2025\/06\/boleira-e-bandeja4-283x300.jpg 283w, https:\/\/fernandajahjah.com.br\/loja\/wp-content\/uploads\/2025\/06\/boleira-e-bandeja4-967x1024.jpg 967w, https:\/\/fernandajahjah.com.br\/loja\/wp-content\/uploads\/2025\/06\/boleira-e-bandeja4-768x813.jpg 768w, https:\/\/fernandajahjah.com.br\/loja\/wp-content\/uploads\/2025\/06\/boleira-e-bandeja4-1450x1536.jpg 1450w, https:\/\/fernandajahjah.com.br\/loja\/wp-content\/uploads\/2025\/06\/boleira-e-bandeja4-1934x2048.jpg 1934w, https:\/\/fernandajahjah.com.br\/loja\/wp-content\/uploads\/2025\/06\/boleira-e-bandeja4-600x635.jpg 600w, https:\/\/fernandajahjah.com.br\/loja\/wp-content\/uploads\/2025\/06\/boleira-e-bandeja4-64x68.jpg 64w\" sizes=\"(max-width: 283px) 100vw, 283px\" \/>Conjunto de 1 boleira e uma bandeja quadrada feito\u00a0 em papel\u00e3o super resistente e 100% reciclado. Essas pe\u00e7as s\u00e3o desmont\u00e1veis e super charmosas para decorar sua festa. Boleira lisa na cor azul e bandeja quadrada\u00a0 com\u00a0 estampa floral super delicada.<\/p>\n","protected":false},"excerpt":{"rendered":"<p><img decoding=\"async\" class=\"size-medium wp-image-1268 aligncenter\" src=\"https:\/\/fernandajahjah.com.br\/loja\/wp-content\/uploads\/2025\/06\/boleira-e-bandeja4-283x300.jpg\" alt=\"\" width=\"283\" height=\"300\" srcset=\"https:\/\/fernandajahjah.com.br\/loja\/wp-content\/uploads\/2025\/06\/boleira-e-bandeja4-283x300.jpg 283w, https:\/\/fernandajahjah.com.br\/loja\/wp-content\/uploads\/2025\/06\/boleira-e-bandeja4-967x1024.jpg 967w, https:\/\/fernandajahjah.com.br\/loja\/wp-content\/uploads\/2025\/06\/boleira-e-bandeja4-768x813.jpg 768w, https:\/\/fernandajahjah.com.br\/loja\/wp-content\/uploads\/2025\/06\/boleira-e-bandeja4-1450x1536.jpg 1450w, https:\/\/fernandajahjah.com.br\/loja\/wp-content\/uploads\/2025\/06\/boleira-e-bandeja4-1934x2048.jpg 1934w, https:\/\/fernandajahjah.com.br\/loja\/wp-content\/uploads\/2025\/06\/boleira-e-bandeja4-600x635.jpg 600w, https:\/\/fernandajahjah.com.br\/loja\/wp-content\/uploads\/2025\/06\/boleira-e-bandeja4-64x68.jpg 64w\" sizes=\"(max-width: 283px) 100vw, 283px\" \/>Conjunto de boleira lisa e bandeja floral\u00a0 feito com papel super resistente para apoio de bolo e docinhos.<\/p>\n","protected":false},"featured_media":1268,"comment_status":"closed","ping_status":"closed","template":"","meta":[],"product_brand":[],"product_cat":[98],"product_tag":[47,53,54],"class_list":{"0":"post-1207","1":"product","2":"type-product","3":"status-publish","4":"has-post-thumbnail","6":"product_cat-bases","7":"product_tag-bandeja","8":"product_tag-suporte-para-bolo","9":"product_tag-suporte-para-doces","11":"first","12":"instock","13":"shipping-taxable","14":"purchasable","15":"product-type-simple"},"_links":{"self":[{"href":"https:\/\/fernandajahjah.com.br\/loja\/wp-json\/wp\/v2\/product\/1207","targetHints":{"allow":["GET"]}}],"collection":[{"href":"https:\/\/fernandajahjah.com.br\/loja\/wp-json\/wp\/v2\/product"}],"about":[{"href":"https:\/\/fernandajahjah.com.br\/loja\/wp-json\/wp\/v2\/types\/product"}],"replies":[{"embeddable":true,"href":"https:\/\/fernandajahjah.com.br\/loja\/wp-json\/wp\/v2\/comments?post=1207"}],"wp:featuredmedia":[{"embeddable":true,"href":"https:\/\/fernandajahjah.com.br\/loja\/wp-json\/wp\/v2\/media\/1268"}],"wp:attachment":[{"href":"https:\/\/fernandajahjah.com.br\/loja\/wp-json\/wp\/v2\/media?parent=1207"}],"wp:term":[{"taxonomy":"product_brand","embeddable":true,"href":"https:\/\/fernandajahjah.com.br\/loja\/wp-json\/wp\/v2\/product_brand?post=1207"},{"taxonomy":"product_cat","embeddable":true,"href":"https:\/\/fernandajahjah.com.br\/loja\/wp-json\/wp\/v2\/product_cat?post=1207"},{"taxonomy":"product_tag","embeddable":true,"href":"https:\/\/fernandajahjah.com.br\/loja\/wp-json\/wp\/v2\/product_tag?post=1207"}],"curies":[{"name":"wp","href":"https:\/\/api.w.org\/{rel}","templated":true}]}}