{"id":1552,"date":"2025-10-28T14:12:33","date_gmt":"2025-10-28T17:12:33","guid":{"rendered":"https:\/\/fernandajahjah.com.br\/loja\/?post_type=product&#038;p=1552"},"modified":"2025-10-28T14:14:05","modified_gmt":"2025-10-28T17:14:05","slug":"bandeirola","status":"publish","type":"product","link":"https:\/\/fernandajahjah.com.br\/loja\/produto\/bandeirola\/","title":{"rendered":"Bandeirola"},"content":{"rendered":"<p>Varal de bandeirinhas feitas em tecido de algod\u00e3o com estampa floral.<\/p>\n<p>Essa \u00e9 uma pe\u00e7a \u00fanica e\u00a0 exclusiva\u00a0 para voc\u00ea decorar v\u00e1rios ambientes. Serve como porta maternidade, enfeite de quarto e como decora\u00e7\u00e3o de festas. Item atemporal e super delicado.<img fetchpriority=\"high\" decoding=\"async\" class=\"size-medium wp-image-1553 alignright\" src=\"https:\/\/fernandajahjah.com.br\/loja\/wp-content\/uploads\/2025\/10\/Bandeirola-Floral-unica-Lojinha-225x300.jpg\" alt=\"\" width=\"225\" height=\"300\" srcset=\"https:\/\/fernandajahjah.com.br\/loja\/wp-content\/uploads\/2025\/10\/Bandeirola-Floral-unica-Lojinha-225x300.jpg 225w, https:\/\/fernandajahjah.com.br\/loja\/wp-content\/uploads\/2025\/10\/Bandeirola-Floral-unica-Lojinha-768x1024.jpg 768w, https:\/\/fernandajahjah.com.br\/loja\/wp-content\/uploads\/2025\/10\/Bandeirola-Floral-unica-Lojinha-1152x1536.jpg 1152w, https:\/\/fernandajahjah.com.br\/loja\/wp-content\/uploads\/2025\/10\/Bandeirola-Floral-unica-Lojinha-1536x2048.jpg 1536w, https:\/\/fernandajahjah.com.br\/loja\/wp-content\/uploads\/2025\/10\/Bandeirola-Floral-unica-Lojinha-600x800.jpg 600w, https:\/\/fernandajahjah.com.br\/loja\/wp-content\/uploads\/2025\/10\/Bandeirola-Floral-unica-Lojinha-64x85.jpg 64w, https:\/\/fernandajahjah.com.br\/loja\/wp-content\/uploads\/2025\/10\/Bandeirola-Floral-unica-Lojinha-scaled.jpg 1920w\" sizes=\"(max-width: 225px) 100vw, 225px\" \/><\/p>\n","protected":false},"excerpt":{"rendered":"<p>Bandeirola em tecido com estampa floral.<\/p>\n<p>Pe\u00e7a atemporal para decorar v\u00e1rios tipos de ambientes.<img fetchpriority=\"high\" decoding=\"async\" class=\"size-medium wp-image-1553 alignright\" src=\"https:\/\/fernandajahjah.com.br\/loja\/wp-content\/uploads\/2025\/10\/Bandeirola-Floral-unica-Lojinha-225x300.jpg\" alt=\"\" width=\"225\" height=\"300\" srcset=\"https:\/\/fernandajahjah.com.br\/loja\/wp-content\/uploads\/2025\/10\/Bandeirola-Floral-unica-Lojinha-225x300.jpg 225w, https:\/\/fernandajahjah.com.br\/loja\/wp-content\/uploads\/2025\/10\/Bandeirola-Floral-unica-Lojinha-768x1024.jpg 768w, https:\/\/fernandajahjah.com.br\/loja\/wp-content\/uploads\/2025\/10\/Bandeirola-Floral-unica-Lojinha-1152x1536.jpg 1152w, https:\/\/fernandajahjah.com.br\/loja\/wp-content\/uploads\/2025\/10\/Bandeirola-Floral-unica-Lojinha-1536x2048.jpg 1536w, https:\/\/fernandajahjah.com.br\/loja\/wp-content\/uploads\/2025\/10\/Bandeirola-Floral-unica-Lojinha-600x800.jpg 600w, https:\/\/fernandajahjah.com.br\/loja\/wp-content\/uploads\/2025\/10\/Bandeirola-Floral-unica-Lojinha-64x85.jpg 64w, https:\/\/fernandajahjah.com.br\/loja\/wp-content\/uploads\/2025\/10\/Bandeirola-Floral-unica-Lojinha-scaled.jpg 1920w\" sizes=\"(max-width: 225px) 100vw, 225px\" \/><\/p>\n","protected":false},"featured_media":1117,"comment_status":"open","ping_status":"closed","template":"","meta":[],"product_brand":[],"product_cat":[97],"product_tag":[56,106,71],"class_list":{"0":"post-1552","1":"product","2":"type-product","3":"status-publish","4":"has-post-thumbnail","6":"product_cat-filha-unica","7":"product_tag-bandeirolas","8":"product_tag-decoracao-de-quarto","9":"product_tag-enfeite","11":"first","12":"instock","13":"shipping-taxable","14":"purchasable","15":"product-type-simple"},"_links":{"self":[{"href":"https:\/\/fernandajahjah.com.br\/loja\/wp-json\/wp\/v2\/product\/1552","targetHints":{"allow":["GET"]}}],"collection":[{"href":"https:\/\/fernandajahjah.com.br\/loja\/wp-json\/wp\/v2\/product"}],"about":[{"href":"https:\/\/fernandajahjah.com.br\/loja\/wp-json\/wp\/v2\/types\/product"}],"replies":[{"embeddable":true,"href":"https:\/\/fernandajahjah.com.br\/loja\/wp-json\/wp\/v2\/comments?post=1552"}],"wp:featuredmedia":[{"embeddable":true,"href":"https:\/\/fernandajahjah.com.br\/loja\/wp-json\/wp\/v2\/media\/1117"}],"wp:attachment":[{"href":"https:\/\/fernandajahjah.com.br\/loja\/wp-json\/wp\/v2\/media?parent=1552"}],"wp:term":[{"taxonomy":"product_brand","embeddable":true,"href":"https:\/\/fernandajahjah.com.br\/loja\/wp-json\/wp\/v2\/product_brand?post=1552"},{"taxonomy":"product_cat","embeddable":true,"href":"https:\/\/fernandajahjah.com.br\/loja\/wp-json\/wp\/v2\/product_cat?post=1552"},{"taxonomy":"product_tag","embeddable":true,"href":"https:\/\/fernandajahjah.com.br\/loja\/wp-json\/wp\/v2\/product_tag?post=1552"}],"curies":[{"name":"wp","href":"https:\/\/api.w.org\/{rel}","templated":true}]}}