{"id":1625,"date":"2025-12-09T20:50:15","date_gmt":"2025-12-09T23:50:15","guid":{"rendered":"https:\/\/fernandajahjah.com.br\/loja\/?post_type=product&#038;p=1625"},"modified":"2025-12-22T22:11:42","modified_gmt":"2025-12-23T01:11:42","slug":"bolas-de-natal","status":"publish","type":"product","link":"https:\/\/fernandajahjah.com.br\/loja\/produto\/bolas-de-natal\/","title":{"rendered":"Bolas de Natal"},"content":{"rendered":"<p><img fetchpriority=\"high\" decoding=\"async\" class=\"alignnone size-medium wp-image-1643 aligncenter\" src=\"https:\/\/fernandajahjah.com.br\/loja\/wp-content\/uploads\/2025\/12\/Natal-loja-225x300.jpeg\" alt=\"\" width=\"225\" height=\"300\" srcset=\"https:\/\/fernandajahjah.com.br\/loja\/wp-content\/uploads\/2025\/12\/Natal-loja-225x300.jpeg 225w, https:\/\/fernandajahjah.com.br\/loja\/wp-content\/uploads\/2025\/12\/Natal-loja-768x1024.jpeg 768w, https:\/\/fernandajahjah.com.br\/loja\/wp-content\/uploads\/2025\/12\/Natal-loja-1152x1536.jpeg 1152w, https:\/\/fernandajahjah.com.br\/loja\/wp-content\/uploads\/2025\/12\/Natal-loja-1536x2048.jpeg 1536w, https:\/\/fernandajahjah.com.br\/loja\/wp-content\/uploads\/2025\/12\/Natal-loja-600x800.jpeg 600w, https:\/\/fernandajahjah.com.br\/loja\/wp-content\/uploads\/2025\/12\/Natal-loja-64x85.jpeg 64w, https:\/\/fernandajahjah.com.br\/loja\/wp-content\/uploads\/2025\/12\/Natal-loja-scaled.jpeg 1920w\" sizes=\"(max-width: 225px) 100vw, 225px\" \/><\/p>\n<p>Bolas decorativas de Natal feitas na t\u00e9cnica de papietagem com 3 estampas ( po\u00e1,cora\u00e7\u00e3o e listras) pintadas \u00e0 m\u00e3o. J\u00e1 acompanha la\u00e7o com fita em cetim e juta.<\/p>\n<p>Pe\u00e7as vendidas em conjunto.<\/p>\n","protected":false},"excerpt":{"rendered":"<p><img decoding=\"async\" class=\"alignnone size-medium wp-image-1644 aligncenter\" src=\"https:\/\/fernandajahjah.com.br\/loja\/wp-content\/uploads\/2025\/12\/natal-loja-12-225x300.jpeg\" alt=\"\" width=\"225\" height=\"300\" srcset=\"https:\/\/fernandajahjah.com.br\/loja\/wp-content\/uploads\/2025\/12\/natal-loja-12-225x300.jpeg 225w, https:\/\/fernandajahjah.com.br\/loja\/wp-content\/uploads\/2025\/12\/natal-loja-12-768x1024.jpeg 768w, https:\/\/fernandajahjah.com.br\/loja\/wp-content\/uploads\/2025\/12\/natal-loja-12-1152x1536.jpeg 1152w, https:\/\/fernandajahjah.com.br\/loja\/wp-content\/uploads\/2025\/12\/natal-loja-12-1536x2048.jpeg 1536w, https:\/\/fernandajahjah.com.br\/loja\/wp-content\/uploads\/2025\/12\/natal-loja-12-600x800.jpeg 600w, https:\/\/fernandajahjah.com.br\/loja\/wp-content\/uploads\/2025\/12\/natal-loja-12-64x85.jpeg 64w, https:\/\/fernandajahjah.com.br\/loja\/wp-content\/uploads\/2025\/12\/natal-loja-12-scaled.jpeg 1920w\" sizes=\"(max-width: 225px) 100vw, 225px\" \/>Trio de bolas decorativas feitas em papietagem com 3 estampas pintadas \u00e0 m\u00e3o.<\/p>\n","protected":false},"featured_media":1643,"comment_status":"open","ping_status":"closed","template":"","meta":[],"product_brand":[],"product_cat":[20],"product_tag":[46,108,103],"class_list":{"0":"post-1625","1":"product","2":"type-product","3":"status-publish","4":"has-post-thumbnail","6":"product_cat-edicoes-jahjah","7":"product_tag-enfeites","8":"product_tag-natal","9":"product_tag-pintura-feito-a-mao","11":"first","12":"outofstock","13":"shipping-taxable","14":"purchasable","15":"product-type-simple"},"_links":{"self":[{"href":"https:\/\/fernandajahjah.com.br\/loja\/wp-json\/wp\/v2\/product\/1625","targetHints":{"allow":["GET"]}}],"collection":[{"href":"https:\/\/fernandajahjah.com.br\/loja\/wp-json\/wp\/v2\/product"}],"about":[{"href":"https:\/\/fernandajahjah.com.br\/loja\/wp-json\/wp\/v2\/types\/product"}],"replies":[{"embeddable":true,"href":"https:\/\/fernandajahjah.com.br\/loja\/wp-json\/wp\/v2\/comments?post=1625"}],"wp:featuredmedia":[{"embeddable":true,"href":"https:\/\/fernandajahjah.com.br\/loja\/wp-json\/wp\/v2\/media\/1643"}],"wp:attachment":[{"href":"https:\/\/fernandajahjah.com.br\/loja\/wp-json\/wp\/v2\/media?parent=1625"}],"wp:term":[{"taxonomy":"product_brand","embeddable":true,"href":"https:\/\/fernandajahjah.com.br\/loja\/wp-json\/wp\/v2\/product_brand?post=1625"},{"taxonomy":"product_cat","embeddable":true,"href":"https:\/\/fernandajahjah.com.br\/loja\/wp-json\/wp\/v2\/product_cat?post=1625"},{"taxonomy":"product_tag","embeddable":true,"href":"https:\/\/fernandajahjah.com.br\/loja\/wp-json\/wp\/v2\/product_tag?post=1625"}],"curies":[{"name":"wp","href":"https:\/\/api.w.org\/{rel}","templated":true}]}}