{"id":1676,"date":"2025-12-10T00:37:21","date_gmt":"2025-12-10T03:37:21","guid":{"rendered":"https:\/\/fernandajahjah.com.br\/loja\/?post_type=product&#038;p=1676"},"modified":"2025-12-10T00:37:21","modified_gmt":"2025-12-10T03:37:21","slug":"pingente-passaro-ceramica","status":"publish","type":"product","link":"https:\/\/fernandajahjah.com.br\/loja\/produto\/pingente-passaro-ceramica\/","title":{"rendered":"Pingente P\u00e1ssaro Cer\u00e2mica"},"content":{"rendered":"<p><img fetchpriority=\"high\" decoding=\"async\" class=\"size-medium wp-image-1288 aligncenter\" src=\"https:\/\/fernandajahjah.com.br\/loja\/wp-content\/uploads\/2025\/06\/pingentes-passaro-225x300.jpg\" alt=\"\" width=\"225\" height=\"300\" srcset=\"https:\/\/fernandajahjah.com.br\/loja\/wp-content\/uploads\/2025\/06\/pingentes-passaro-225x300.jpg 225w, https:\/\/fernandajahjah.com.br\/loja\/wp-content\/uploads\/2025\/06\/pingentes-passaro-768x1024.jpg 768w, https:\/\/fernandajahjah.com.br\/loja\/wp-content\/uploads\/2025\/06\/pingentes-passaro-1152x1536.jpg 1152w, https:\/\/fernandajahjah.com.br\/loja\/wp-content\/uploads\/2025\/06\/pingentes-passaro-1536x2048.jpg 1536w, https:\/\/fernandajahjah.com.br\/loja\/wp-content\/uploads\/2025\/06\/pingentes-passaro-600x800.jpg 600w, https:\/\/fernandajahjah.com.br\/loja\/wp-content\/uploads\/2025\/06\/pingentes-passaro-64x85.jpg 64w, https:\/\/fernandajahjah.com.br\/loja\/wp-content\/uploads\/2025\/06\/pingentes-passaro-scaled.jpg 1920w\" sizes=\"(max-width: 225px) 100vw, 225px\" \/>Pingente feito em cer\u00e2mica com estampa de passarinho.J\u00e1 vem com furo e cord\u00e3o para pendurar.<\/p>\n<p>Medida: 4cm<\/p>\n","protected":false},"excerpt":{"rendered":"<p><img fetchpriority=\"high\" decoding=\"async\" class=\"size-medium wp-image-1288 aligncenter\" src=\"https:\/\/fernandajahjah.com.br\/loja\/wp-content\/uploads\/2025\/06\/pingentes-passaro-225x300.jpg\" alt=\"\" width=\"225\" height=\"300\" srcset=\"https:\/\/fernandajahjah.com.br\/loja\/wp-content\/uploads\/2025\/06\/pingentes-passaro-225x300.jpg 225w, https:\/\/fernandajahjah.com.br\/loja\/wp-content\/uploads\/2025\/06\/pingentes-passaro-768x1024.jpg 768w, https:\/\/fernandajahjah.com.br\/loja\/wp-content\/uploads\/2025\/06\/pingentes-passaro-1152x1536.jpg 1152w, https:\/\/fernandajahjah.com.br\/loja\/wp-content\/uploads\/2025\/06\/pingentes-passaro-1536x2048.jpg 1536w, https:\/\/fernandajahjah.com.br\/loja\/wp-content\/uploads\/2025\/06\/pingentes-passaro-600x800.jpg 600w, https:\/\/fernandajahjah.com.br\/loja\/wp-content\/uploads\/2025\/06\/pingentes-passaro-64x85.jpg 64w, https:\/\/fernandajahjah.com.br\/loja\/wp-content\/uploads\/2025\/06\/pingentes-passaro-scaled.jpg 1920w\" sizes=\"(max-width: 225px) 100vw, 225px\" \/>Pingente com formato de passsarinho feito em cer\u00e2mica. Pe\u00e7a super fofa para enfeitar embalagens e decorar a casa.<\/p>\n","protected":false},"featured_media":1288,"comment_status":"open","ping_status":"closed","template":"","meta":[],"product_brand":[],"product_cat":[15],"product_tag":[71,68,110],"class_list":{"0":"post-1676","1":"product","2":"type-product","3":"status-publish","4":"has-post-thumbnail","6":"product_cat-e-pra-presente","7":"product_tag-enfeite","8":"product_tag-passaro","9":"product_tag-presente","11":"first","12":"instock","13":"shipping-taxable","14":"purchasable","15":"product-type-simple"},"_links":{"self":[{"href":"https:\/\/fernandajahjah.com.br\/loja\/wp-json\/wp\/v2\/product\/1676","targetHints":{"allow":["GET"]}}],"collection":[{"href":"https:\/\/fernandajahjah.com.br\/loja\/wp-json\/wp\/v2\/product"}],"about":[{"href":"https:\/\/fernandajahjah.com.br\/loja\/wp-json\/wp\/v2\/types\/product"}],"replies":[{"embeddable":true,"href":"https:\/\/fernandajahjah.com.br\/loja\/wp-json\/wp\/v2\/comments?post=1676"}],"wp:featuredmedia":[{"embeddable":true,"href":"https:\/\/fernandajahjah.com.br\/loja\/wp-json\/wp\/v2\/media\/1288"}],"wp:attachment":[{"href":"https:\/\/fernandajahjah.com.br\/loja\/wp-json\/wp\/v2\/media?parent=1676"}],"wp:term":[{"taxonomy":"product_brand","embeddable":true,"href":"https:\/\/fernandajahjah.com.br\/loja\/wp-json\/wp\/v2\/product_brand?post=1676"},{"taxonomy":"product_cat","embeddable":true,"href":"https:\/\/fernandajahjah.com.br\/loja\/wp-json\/wp\/v2\/product_cat?post=1676"},{"taxonomy":"product_tag","embeddable":true,"href":"https:\/\/fernandajahjah.com.br\/loja\/wp-json\/wp\/v2\/product_tag?post=1676"}],"curies":[{"name":"wp","href":"https:\/\/api.w.org\/{rel}","templated":true}]}}