{"id":1679,"date":"2025-12-18T21:55:55","date_gmt":"2025-12-19T00:55:55","guid":{"rendered":"https:\/\/fernandajahjah.com.br\/loja\/?post_type=product&#038;p=1679"},"modified":"2026-03-05T18:13:59","modified_gmt":"2026-03-05T21:13:59","slug":"peru-de-natal","status":"publish","type":"product","link":"https:\/\/fernandajahjah.com.br\/loja\/produto\/peru-de-natal\/","title":{"rendered":"Peru de Natal"},"content":{"rendered":"<p><img fetchpriority=\"high\" decoding=\"async\" class=\"size-medium wp-image-1702 aligncenter\" src=\"https:\/\/fernandajahjah.com.br\/loja\/wp-content\/uploads\/2025\/12\/lojanatal4-1-225x300.jpeg\" alt=\"\" width=\"225\" height=\"300\" srcset=\"https:\/\/fernandajahjah.com.br\/loja\/wp-content\/uploads\/2025\/12\/lojanatal4-1-225x300.jpeg 225w, https:\/\/fernandajahjah.com.br\/loja\/wp-content\/uploads\/2025\/12\/lojanatal4-1-768x1024.jpeg 768w, https:\/\/fernandajahjah.com.br\/loja\/wp-content\/uploads\/2025\/12\/lojanatal4-1-1152x1536.jpeg 1152w, https:\/\/fernandajahjah.com.br\/loja\/wp-content\/uploads\/2025\/12\/lojanatal4-1-1536x2048.jpeg 1536w, https:\/\/fernandajahjah.com.br\/loja\/wp-content\/uploads\/2025\/12\/lojanatal4-1-600x800.jpeg 600w, https:\/\/fernandajahjah.com.br\/loja\/wp-content\/uploads\/2025\/12\/lojanatal4-1-64x85.jpeg 64w, https:\/\/fernandajahjah.com.br\/loja\/wp-content\/uploads\/2025\/12\/lojanatal4-1-scaled.jpeg 1920w\" sizes=\"(max-width: 225px) 100vw, 225px\" \/>Peru de Natal cenogr\u00e1fico feito na t\u00e9cnica de papietagem.(papel,cola caseira e tinta). Uma pe\u00e7a \u00fanica cheia de charme para presentar ou decorar a casa na ceia de Natal.<\/p>\n<p>A pe\u00e7a mede 40&#215;32 cm e acompanha la\u00e7os de fitas com estampas natalinas e um ramo de alecrim feito em papel crepom.<\/p>\n","protected":false},"excerpt":{"rendered":"<blockquote><p><img decoding=\"async\" class=\"size-medium wp-image-1702 alignleft\" src=\"https:\/\/fernandajahjah.com.br\/loja\/wp-content\/uploads\/2025\/12\/lojanatal4-1-225x300.jpeg\" alt=\"\" width=\"225\" height=\"300\" srcset=\"https:\/\/fernandajahjah.com.br\/loja\/wp-content\/uploads\/2025\/12\/lojanatal4-1-225x300.jpeg 225w, https:\/\/fernandajahjah.com.br\/loja\/wp-content\/uploads\/2025\/12\/lojanatal4-1-768x1024.jpeg 768w, https:\/\/fernandajahjah.com.br\/loja\/wp-content\/uploads\/2025\/12\/lojanatal4-1-1152x1536.jpeg 1152w, https:\/\/fernandajahjah.com.br\/loja\/wp-content\/uploads\/2025\/12\/lojanatal4-1-1536x2048.jpeg 1536w, https:\/\/fernandajahjah.com.br\/loja\/wp-content\/uploads\/2025\/12\/lojanatal4-1-600x800.jpeg 600w, https:\/\/fernandajahjah.com.br\/loja\/wp-content\/uploads\/2025\/12\/lojanatal4-1-64x85.jpeg 64w, https:\/\/fernandajahjah.com.br\/loja\/wp-content\/uploads\/2025\/12\/lojanatal4-1-scaled.jpeg 1920w\" sizes=\"(max-width: 225px) 100vw, 225px\" \/><\/p><\/blockquote>\n<p>Peru de Natal cenogr\u00e1fico feito na t\u00e9cnica de papietagem.(papel,cola caseira e tinta). Uma pe\u00e7a \u00fanica cheia de charme para presentar ou decorar a casa na ceia de Natal.<\/p>\n<p>&nbsp;<\/p>\n","protected":false},"featured_media":1702,"comment_status":"open","ping_status":"closed","template":"","meta":[],"product_brand":[],"product_cat":[20,97,99],"product_tag":[108,142,103,110],"class_list":{"0":"post-1679","1":"product","2":"type-product","3":"status-publish","4":"has-post-thumbnail","6":"product_cat-edicoes-jahjah","7":"product_cat-filha-unica","8":"product_cat-papiart","9":"product_tag-natal","10":"product_tag-objeto-decorativo","11":"product_tag-pintura-feito-a-mao","12":"product_tag-presente","14":"first","15":"outofstock","16":"shipping-taxable","17":"purchasable","18":"product-type-simple"},"_links":{"self":[{"href":"https:\/\/fernandajahjah.com.br\/loja\/wp-json\/wp\/v2\/product\/1679","targetHints":{"allow":["GET"]}}],"collection":[{"href":"https:\/\/fernandajahjah.com.br\/loja\/wp-json\/wp\/v2\/product"}],"about":[{"href":"https:\/\/fernandajahjah.com.br\/loja\/wp-json\/wp\/v2\/types\/product"}],"replies":[{"embeddable":true,"href":"https:\/\/fernandajahjah.com.br\/loja\/wp-json\/wp\/v2\/comments?post=1679"}],"wp:featuredmedia":[{"embeddable":true,"href":"https:\/\/fernandajahjah.com.br\/loja\/wp-json\/wp\/v2\/media\/1702"}],"wp:attachment":[{"href":"https:\/\/fernandajahjah.com.br\/loja\/wp-json\/wp\/v2\/media?parent=1679"}],"wp:term":[{"taxonomy":"product_brand","embeddable":true,"href":"https:\/\/fernandajahjah.com.br\/loja\/wp-json\/wp\/v2\/product_brand?post=1679"},{"taxonomy":"product_cat","embeddable":true,"href":"https:\/\/fernandajahjah.com.br\/loja\/wp-json\/wp\/v2\/product_cat?post=1679"},{"taxonomy":"product_tag","embeddable":true,"href":"https:\/\/fernandajahjah.com.br\/loja\/wp-json\/wp\/v2\/product_tag?post=1679"}],"curies":[{"name":"wp","href":"https:\/\/api.w.org\/{rel}","templated":true}]}}