{"id":1704,"date":"2025-12-18T22:14:34","date_gmt":"2025-12-19T01:14:34","guid":{"rendered":"https:\/\/fernandajahjah.com.br\/loja\/?post_type=product&#038;p=1704"},"modified":"2025-12-18T22:17:37","modified_gmt":"2025-12-19T01:17:37","slug":"coelhas-mae-e-filha","status":"publish","type":"product","link":"https:\/\/fernandajahjah.com.br\/loja\/produto\/coelhas-mae-e-filha\/","title":{"rendered":"Coelhas M\u00e3e e Filha"},"content":{"rendered":"<p><img fetchpriority=\"high\" decoding=\"async\" class=\"size-medium wp-image-1684 aligncenter\" src=\"https:\/\/fernandajahjah.com.br\/loja\/wp-content\/uploads\/2025\/12\/Coelhas-de-Natal-loja-225x300.jpeg\" alt=\"\" width=\"225\" height=\"300\" srcset=\"https:\/\/fernandajahjah.com.br\/loja\/wp-content\/uploads\/2025\/12\/Coelhas-de-Natal-loja-225x300.jpeg 225w, https:\/\/fernandajahjah.com.br\/loja\/wp-content\/uploads\/2025\/12\/Coelhas-de-Natal-loja-768x1024.jpeg 768w, https:\/\/fernandajahjah.com.br\/loja\/wp-content\/uploads\/2025\/12\/Coelhas-de-Natal-loja-1152x1536.jpeg 1152w, https:\/\/fernandajahjah.com.br\/loja\/wp-content\/uploads\/2025\/12\/Coelhas-de-Natal-loja-1536x2048.jpeg 1536w, https:\/\/fernandajahjah.com.br\/loja\/wp-content\/uploads\/2025\/12\/Coelhas-de-Natal-loja-600x800.jpeg 600w, https:\/\/fernandajahjah.com.br\/loja\/wp-content\/uploads\/2025\/12\/Coelhas-de-Natal-loja-64x85.jpeg 64w, https:\/\/fernandajahjah.com.br\/loja\/wp-content\/uploads\/2025\/12\/Coelhas-de-Natal-loja-scaled.jpeg 1920w\" sizes=\"(max-width: 225px) 100vw, 225px\" \/>Coelhas feitas com a t\u00e9cnica papietagem(papel,cola caseira e tinta) e roupinhas em tecido. Foram pintadas \u00e0 m\u00e3o e as roupinhas confeccionadas especialmente para elas.<\/p>\n<p>M\u00e3e e filha prontas para a festa. Itens super exclusivos e uma excelente sugest\u00e3o para as crian\u00e7as brincarem e se divertirem.<\/p>\n","protected":false},"excerpt":{"rendered":"<p><img fetchpriority=\"high\" decoding=\"async\" class=\"size-medium wp-image-1684 aligncenter\" src=\"https:\/\/fernandajahjah.com.br\/loja\/wp-content\/uploads\/2025\/12\/Coelhas-de-Natal-loja-225x300.jpeg\" alt=\"\" width=\"225\" height=\"300\" srcset=\"https:\/\/fernandajahjah.com.br\/loja\/wp-content\/uploads\/2025\/12\/Coelhas-de-Natal-loja-225x300.jpeg 225w, https:\/\/fernandajahjah.com.br\/loja\/wp-content\/uploads\/2025\/12\/Coelhas-de-Natal-loja-768x1024.jpeg 768w, https:\/\/fernandajahjah.com.br\/loja\/wp-content\/uploads\/2025\/12\/Coelhas-de-Natal-loja-1152x1536.jpeg 1152w, https:\/\/fernandajahjah.com.br\/loja\/wp-content\/uploads\/2025\/12\/Coelhas-de-Natal-loja-1536x2048.jpeg 1536w, https:\/\/fernandajahjah.com.br\/loja\/wp-content\/uploads\/2025\/12\/Coelhas-de-Natal-loja-600x800.jpeg 600w, https:\/\/fernandajahjah.com.br\/loja\/wp-content\/uploads\/2025\/12\/Coelhas-de-Natal-loja-64x85.jpeg 64w, https:\/\/fernandajahjah.com.br\/loja\/wp-content\/uploads\/2025\/12\/Coelhas-de-Natal-loja-scaled.jpeg 1920w\" sizes=\"(max-width: 225px) 100vw, 225px\" \/>Coelhinhas M\u00e3e e Filha vestidas para a festa. Um presente criativo e l\u00fadico para as crian\u00e7as brincarem e se divertirem.<\/p>\n<p>Feitas em papietagem.<\/p>\n<p>O valor \u00e9 para a dupla.<\/p>\n","protected":false},"featured_media":1684,"comment_status":"open","ping_status":"closed","template":"","meta":[],"product_brand":[],"product_cat":[20,97,99],"product_tag":[106,71,108,142,110],"class_list":{"0":"post-1704","1":"product","2":"type-product","3":"status-publish","4":"has-post-thumbnail","6":"product_cat-edicoes-jahjah","7":"product_cat-filha-unica","8":"product_cat-papiart","9":"product_tag-decoracao-de-quarto","10":"product_tag-enfeite","11":"product_tag-natal","12":"product_tag-objeto-decorativo","13":"product_tag-presente","15":"first","16":"instock","17":"shipping-taxable","18":"purchasable","19":"product-type-simple"},"_links":{"self":[{"href":"https:\/\/fernandajahjah.com.br\/loja\/wp-json\/wp\/v2\/product\/1704","targetHints":{"allow":["GET"]}}],"collection":[{"href":"https:\/\/fernandajahjah.com.br\/loja\/wp-json\/wp\/v2\/product"}],"about":[{"href":"https:\/\/fernandajahjah.com.br\/loja\/wp-json\/wp\/v2\/types\/product"}],"replies":[{"embeddable":true,"href":"https:\/\/fernandajahjah.com.br\/loja\/wp-json\/wp\/v2\/comments?post=1704"}],"wp:featuredmedia":[{"embeddable":true,"href":"https:\/\/fernandajahjah.com.br\/loja\/wp-json\/wp\/v2\/media\/1684"}],"wp:attachment":[{"href":"https:\/\/fernandajahjah.com.br\/loja\/wp-json\/wp\/v2\/media?parent=1704"}],"wp:term":[{"taxonomy":"product_brand","embeddable":true,"href":"https:\/\/fernandajahjah.com.br\/loja\/wp-json\/wp\/v2\/product_brand?post=1704"},{"taxonomy":"product_cat","embeddable":true,"href":"https:\/\/fernandajahjah.com.br\/loja\/wp-json\/wp\/v2\/product_cat?post=1704"},{"taxonomy":"product_tag","embeddable":true,"href":"https:\/\/fernandajahjah.com.br\/loja\/wp-json\/wp\/v2\/product_tag?post=1704"}],"curies":[{"name":"wp","href":"https:\/\/api.w.org\/{rel}","templated":true}]}}