{"id":1710,"date":"2026-04-29T22:40:04","date_gmt":"2026-04-30T01:40:04","guid":{"rendered":"https:\/\/fernandajahjah.com.br\/loja\/?post_type=product&#038;p=1710"},"modified":"2026-04-29T22:40:04","modified_gmt":"2026-04-30T01:40:04","slug":"vasos-de-papel","status":"publish","type":"product","link":"https:\/\/fernandajahjah.com.br\/loja\/produto\/vasos-de-papel\/","title":{"rendered":"Vasos de Papel"},"content":{"rendered":"<p>Vasos feitos em Papel com gramatura alta,pintados \u00e0 m\u00e3o com estampas variadas. Um item super moderno,criativo e pr\u00e1tico para decorar a casa, uma festa ou presentear algu\u00e9m.A pe\u00e7a vem com estampas coordenadas nos dois lados ( frente e atr\u00e1s) podendo ser usada de ambos os lados.Acompanha um vaso de vidro para colocar as flores\u00a0 e sustentar o vaso de papel em p\u00e9.<\/p>\n<p>Medida : 30X25cm<img fetchpriority=\"high\" decoding=\"async\" class=\"size-medium wp-image-1740 aligncenter\" src=\"https:\/\/fernandajahjah.com.br\/loja\/wp-content\/uploads\/2026\/04\/vaso-azul-ia-225x300.jpeg\" alt=\"\" width=\"225\" height=\"300\" srcset=\"https:\/\/fernandajahjah.com.br\/loja\/wp-content\/uploads\/2026\/04\/vaso-azul-ia-225x300.jpeg 225w, https:\/\/fernandajahjah.com.br\/loja\/wp-content\/uploads\/2026\/04\/vaso-azul-ia-768x1024.jpeg 768w, https:\/\/fernandajahjah.com.br\/loja\/wp-content\/uploads\/2026\/04\/vaso-azul-ia-600x800.jpeg 600w, https:\/\/fernandajahjah.com.br\/loja\/wp-content\/uploads\/2026\/04\/vaso-azul-ia-64x85.jpeg 64w, https:\/\/fernandajahjah.com.br\/loja\/wp-content\/uploads\/2026\/04\/vaso-azul-ia.jpeg 1086w\" sizes=\"(max-width: 225px) 100vw, 225px\" \/><\/p>\n","protected":false},"excerpt":{"rendered":"<p style=\"text-align: center\">Vasos de Papel pintados \u00e0 m\u00e3o com estampas florais em ambos os lados. Uma pe\u00e7a criativa e pr\u00e1tica para decorar a casa ou sua festa. Acompanha um vaso de vidro para colocar flores.<img fetchpriority=\"high\" decoding=\"async\" class=\"size-medium wp-image-1740 aligncenter\" src=\"https:\/\/fernandajahjah.com.br\/loja\/wp-content\/uploads\/2026\/04\/vaso-azul-ia-225x300.jpeg\" alt=\"\" width=\"225\" height=\"300\" srcset=\"https:\/\/fernandajahjah.com.br\/loja\/wp-content\/uploads\/2026\/04\/vaso-azul-ia-225x300.jpeg 225w, https:\/\/fernandajahjah.com.br\/loja\/wp-content\/uploads\/2026\/04\/vaso-azul-ia-768x1024.jpeg 768w, https:\/\/fernandajahjah.com.br\/loja\/wp-content\/uploads\/2026\/04\/vaso-azul-ia-600x800.jpeg 600w, https:\/\/fernandajahjah.com.br\/loja\/wp-content\/uploads\/2026\/04\/vaso-azul-ia-64x85.jpeg 64w, https:\/\/fernandajahjah.com.br\/loja\/wp-content\/uploads\/2026\/04\/vaso-azul-ia.jpeg 1086w\" sizes=\"(max-width: 225px) 100vw, 225px\" \/><\/p>\n","protected":false},"featured_media":1740,"comment_status":"open","ping_status":"closed","template":"","meta":[],"product_brand":[],"product_cat":[15,95,91],"product_tag":[48,142,103,110,58],"class_list":{"0":"post-1710","1":"product","2":"type-product","3":"status-publish","4":"has-post-thumbnail","6":"product_cat-e-pra-presente","7":"product_cat-florindo","8":"product_cat-ta-na-mesa","9":"product_tag-decoracao","10":"product_tag-objeto-decorativo","11":"product_tag-pintura-feito-a-mao","12":"product_tag-presente","13":"product_tag-vasos","14":"pa_floral-azul-floral-amarelo","15":"pa_floral-azul-floral-azul","16":"pa_floral-azul-floral-e-listra","17":"pa_floral-azul-floral-laranja","18":"pa_floral-azul-floral-rosa","20":"first","21":"instock","22":"shipping-taxable","23":"purchasable","24":"product-type-variable","25":"has-default-attributes"},"_links":{"self":[{"href":"https:\/\/fernandajahjah.com.br\/loja\/wp-json\/wp\/v2\/product\/1710","targetHints":{"allow":["GET"]}}],"collection":[{"href":"https:\/\/fernandajahjah.com.br\/loja\/wp-json\/wp\/v2\/product"}],"about":[{"href":"https:\/\/fernandajahjah.com.br\/loja\/wp-json\/wp\/v2\/types\/product"}],"replies":[{"embeddable":true,"href":"https:\/\/fernandajahjah.com.br\/loja\/wp-json\/wp\/v2\/comments?post=1710"}],"wp:featuredmedia":[{"embeddable":true,"href":"https:\/\/fernandajahjah.com.br\/loja\/wp-json\/wp\/v2\/media\/1740"}],"wp:attachment":[{"href":"https:\/\/fernandajahjah.com.br\/loja\/wp-json\/wp\/v2\/media?parent=1710"}],"wp:term":[{"taxonomy":"product_brand","embeddable":true,"href":"https:\/\/fernandajahjah.com.br\/loja\/wp-json\/wp\/v2\/product_brand?post=1710"},{"taxonomy":"product_cat","embeddable":true,"href":"https:\/\/fernandajahjah.com.br\/loja\/wp-json\/wp\/v2\/product_cat?post=1710"},{"taxonomy":"product_tag","embeddable":true,"href":"https:\/\/fernandajahjah.com.br\/loja\/wp-json\/wp\/v2\/product_tag?post=1710"}],"curies":[{"name":"wp","href":"https:\/\/api.w.org\/{rel}","templated":true}]}}